{"id":28,"date":"2025-03-11T14:03:58","date_gmt":"2025-03-11T14:03:58","guid":{"rendered":"http:\/\/mkprestige.local\/trouver-un-logement\/"},"modified":"2026-04-01T21:53:11","modified_gmt":"2026-04-01T21:53:11","slug":"find-a-rental","status":"publish","type":"page","link":"https:\/\/mkgprestige.com\/en\/find-a-rental\/","title":{"rendered":"Find a rental"},"content":{"rendered":"\n<div style=\"height:130px\" aria-hidden=\"true\" class=\"wp-block-spacer header_hero\"><\/div>\n\n\n\n<section class=\"wp-block-group alignfull hero_title_little padding_general_top has-charcoal-background-color has-background is-layout-flow wp-block-group-is-layout-flow\">\n<div class=\"wp-block-columns are-vertically-aligned-center is-layout-flex wp-container-core-columns-is-layout-9eaf4669 wp-block-columns-is-layout-flex\">\n<div class=\"wp-block-column is-vertically-aligned-center padding_x padding_y is-layout-flow wp-block-column-is-layout-flow\" style=\"flex-basis:60%\">\n<h1 class=\"wp-block-heading max_text_v2 has-white-color has-text-color has-link-color wp-elements-b405708be98dc77cdc7c5de8d330dcfd\">Find a <strong>rental<\/strong><\/h1>\n\n\n\n<div style=\"height:42px\" aria-hidden=\"true\" class=\"wp-block-spacer\"><\/div>\n\n\n\n<p class=\"max_text_v2 has-white-color has-text-color has-link-color wp-elements-51ff1e4c4691e8da1a51035e5885978b\">At MK Gestion Prestige, we believe that good housing starts with good management. That&#8217;s why we offer a range of well-located, well-maintained units ready to welcome your everyday life. Whether you&#8217;re looking for the tranquility of a residential neighborhood or proximity to services, we have exactly what you need\u2014without compromise.<\/p>\n<\/div>\n\n\n\n<div class=\"wp-block-column is-vertically-aligned-center position_relative is-layout-flow wp-block-column-is-layout-flow\" style=\"flex-basis:40%\">\n<figure class=\"wp-block-image size-full image-fixed-animation-more\"><img loading=\"lazy\" decoding=\"async\" width=\"811\" height=\"554\" src=\"https:\/\/mkgprestige.com\/wp-content\/uploads\/2025\/05\/MK_Image_3.jpg\" alt=\"\" class=\"wp-image-600\" srcset=\"https:\/\/mkgprestige.com\/wp-content\/uploads\/2025\/05\/MK_Image_3.jpg 811w, https:\/\/mkgprestige.com\/wp-content\/uploads\/2025\/05\/MK_Image_3-300x205.jpg 300w, https:\/\/mkgprestige.com\/wp-content\/uploads\/2025\/05\/MK_Image_3-768x525.jpg 768w\" sizes=\"auto, (max-width: 811px) 100vw, 811px\" \/><\/figure>\n\n\n\n<figure class=\"wp-block-image size-large image-fixed-animation position_absolute_image\"><img loading=\"lazy\" decoding=\"async\" width=\"884\" height=\"754\" src=\"https:\/\/mkgprestige.com\/wp-content\/uploads\/2025\/04\/demilogo.svg\" alt=\"\" class=\"wp-image-495\"\/><\/figure>\n<\/div>\n<\/div>\n<\/section>\n\n\n\n<section class=\"wp-block-group alignfull padding_general has-very-light-gray-background-color has-background is-layout-flow wp-block-group-is-layout-flow\">\n<h3 class=\"wp-block-heading max_text_title has-charcoal-color has-text-color has-link-color has-x-large-font-size wp-elements-2daf6bb3773bdae10e033792639e8bff\">We have the home you&#8217;re looking for<\/h3>\n<\/section>\n\n\n\n<section class=\"wp-block-group alignfull proprietes has-very-light-gray-background-color has-background is-layout-flow wp-block-group-is-layout-flow\"><div class=\"container_enterprices align wp-block-acf-map-propietes\">\n        \n\n    <div class=\"tabs\">\n        <hr>\n        <button class=\"tab-button \" data-tab=\"tab1\"><svg xmlns=\"http:\/\/www.w3.org\/2000\/svg\"\n                xmlns:xlink=\"http:\/\/www.w3.org\/1999\/xlink\" width=\"23.994\" height=\"30.712\" viewBox=\"0 0 23.994 30.712\">\n                <defs>\n                    <clipPath id=\"clip-path\">\n                        <rect id=\"Rectangle_1823\" data-name=\"Rectangle 1823\" width=\"23.994\" height=\"30.712\"\n                            fill=\"#249683\" \/>\n                    <\/clipPath>\n                <\/defs>\n                <g id=\"Groupe_894\" data-name=\"Groupe 894\" transform=\"translate(0 0)\">\n                    <g id=\"Groupe_893\" data-name=\"Groupe 893\" transform=\"translate(0 0)\">\n                        <path id=\"Trac\u00e9_2634\" data-name=\"Trac\u00e9 2634\"\n                            d=\"M12,0A12,12,0,0,0,0,12c0,7.725,10.547,17.88,11,18.312a1.427,1.427,0,0,0,1.987,0c.45-.433,11.007-10.586,11.007-18.312A12.007,12.007,0,0,0,12,0Zm0,18.715A6.719,6.719,0,1,1,18.716,12,6.726,6.726,0,0,1,12,18.715Z\"\n                            transform=\"translate(0 0)\" fill=\"#495156\" \/>\n                    <\/g>\n                <\/g>\n            <\/svg>\n            View map<\/button>\n        <button class=\"tab-button active\" data-tab=\"tab2\"><svg xmlns=\"http:\/\/www.w3.org\/2000\/svg\"\n                width=\"31.729\" height=\"27.091\" viewBox=\"0 0 31.729 27.091\">\n                <g id=\"Groupe_895\" data-name=\"Groupe 895\" transform=\"translate(0 0)\">\n                    <rect id=\"Rectangle_1824\" data-name=\"Rectangle 1824\" width=\"6.754\" height=\"6.731\"\n                        transform=\"translate(0 20.359)\" fill=\"#249683\" \/>\n                    <rect id=\"Rectangle_1825\" data-name=\"Rectangle 1825\" width=\"22.242\" height=\"6.731\"\n                        transform=\"translate(9.487 20.359)\" fill=\"#249683\" \/>\n                    <rect id=\"Rectangle_1826\" data-name=\"Rectangle 1826\" width=\"6.754\" height=\"6.731\"\n                        transform=\"translate(0 10.178)\" fill=\"#249683\" \/>\n                    <rect id=\"Rectangle_1827\" data-name=\"Rectangle 1827\" width=\"22.242\" height=\"6.731\"\n                        transform=\"translate(9.487 10.178)\" fill=\"#249683\" \/>\n                    <rect id=\"Rectangle_1828\" data-name=\"Rectangle 1828\" width=\"6.754\" height=\"6.731\"\n                        transform=\"translate(0 0)\" fill=\"#249683\" \/>\n                    <rect id=\"Rectangle_1829\" data-name=\"Rectangle 1829\" width=\"22.242\" height=\"6.731\"\n                        transform=\"translate(9.487 0)\" fill=\"#249683\" \/>\n                <\/g>\n            <\/svg>\n            See the list<\/button>\n    <\/div>\n\n    <div class=\"wrapper_filters\">\n        <div class=\"bar_search\">\n            <div id=\"searchForm\" class=\"search-container\" method=\"post\">\n                <input type=\"text\" id=\"searchInput\" name=\"search\"\n                    placeholder=\"Find a Property\">\n                <button type=\"button\" id=\"searchButton\">\n                    <svg xmlns=\"http:\/\/www.w3.org\/2000\/svg\" width=\"27\" height=\"27\" viewBox=\"0 0 27 27\">\n                        <path id=\"Trac\u00e9_246\" data-name=\"Trac\u00e9 246\"\n                            d=\"M13.5,0,11.045,2.455l9.292,9.292H0v3.506H20.338l-9.292,9.292L13.5,27,27,13.5Z\"\n                            fill=\"#254941\" \/>\n                    <\/svg>\n                <\/button>\n            <\/div>\n        <\/div>\n\n        <div class=\"filter_container\">\n            <!-- cat 1  -->\n            <div class=\"dropdowns1\" id=\"blogue_category1\" data-tax=\"blogue_category\">\n                <button id=\"openDropdown1\" class=\"flex\">\n                    <span class=\"current\"> Sector<\/span>\n                    <svg xmlns=\"http:\/\/www.w3.org\/2000\/svg\" width=\"27\" height=\"27\" viewBox=\"0 0 27 27\">\n                        <path id=\"Trac\u00e9_2332\" data-name=\"Trac\u00e9 2332\"\n                            d=\"M13.5,0,11.045,2.455l9.292,9.292H0v3.506H20.338l-9.292,9.292L13.5,27,27,13.5Z\"\n                            transform=\"translate(27) rotate(90)\" fill=\"#254941\" \/>\n                    <\/svg>\n\n                <\/button>\n                <div class=\"dropdownItself\">\n                    <div class=\"eachDropdown\" data-id=\"\">All Sectors<\/div>\n                                    <\/div>\n            <\/div>\n\n            <!-- cat 2  -->\n            <div class=\"dropdowns2\" id=\"blogue_category2\" data-tax=\"blogue_category\">\n                <button id=\"openDropdown2\" class=\"flex\">\n                    <span class=\"current\">Price<\/span>\n                    <svg xmlns=\"http:\/\/www.w3.org\/2000\/svg\" width=\"27\" height=\"27\" viewBox=\"0 0 27 27\">\n                        <path id=\"Trac\u00e9_2332\" data-name=\"Trac\u00e9 2332\"\n                            d=\"M13.5,0,11.045,2.455l9.292,9.292H0v3.506H20.338l-9.292,9.292L13.5,27,27,13.5Z\"\n                            transform=\"translate(27) rotate(90)\" fill=\"#254941\" \/>\n                    <\/svg>\n\n                <\/button>\n                <div class=\"dropdownItself\">\n                    <div class=\"eachDropdown\" data-id=\"\">All Prices<\/div>\n                                    <\/div>\n            <\/div>\n\n\n            <!-- cat 3  -->\n            <div class=\"dropdowns3\" id=\"blogue_category3\" data-tax=\"blogue_category\">\n                <button id=\"openDropdown3\" class=\"flex\">\n                    <span class=\"current\">Space<\/span>\n                    <svg xmlns=\"http:\/\/www.w3.org\/2000\/svg\" width=\"27\" height=\"27\" viewBox=\"0 0 27 27\">\n                        <path id=\"Trac\u00e9_2332\" data-name=\"Trac\u00e9 2332\"\n                            d=\"M13.5,0,11.045,2.455l9.292,9.292H0v3.506H20.338l-9.292,9.292L13.5,27,27,13.5Z\"\n                            transform=\"translate(27) rotate(90)\" fill=\"#254941\" \/>\n                    <\/svg>\n\n                <\/button>\n                <div class=\"dropdownItself\">\n                    <div class=\"eachDropdown\" data-id=\"\">All Spaces<\/div>\n                                    <\/div>\n            <\/div>\n        <\/div>\n    <\/div>\n\n    <div class=\"topPart\">\n\n        <div class=\"wrapper_map tab-panel \" id=\"tab1\">\n                    <\/div>\n\n        <div class=\"wrapper_entreprises tab-panel active\" id=\"tab2\">\n            \n        <\/div>\n    <\/div>\n\n    \n\n\n\n\n<\/div><\/section>\n\n\n\n<div class=\"wp-block-group alignfull padding_general is-layout-flow wp-block-group-is-layout-flow\">\n<p class=\"has-text-align-center max_text_title_big\">Information Request<\/p>\n\n\n\n<div style=\"height:20px\" aria-hidden=\"true\" class=\"wp-block-spacer\"><\/div>\n\n\n\n<h2 class=\"wp-block-heading has-text-align-center max_text_title_big has-charcoal-color has-text-color has-link-color wp-elements-36f0fd830cb3372ad50e8933fb4c362e\">Have you found it? Let us help you.<\/h2>\n\n\n\n<div class=\"wp-block-buttons v1 normal_margin is-content-justification-center is-layout-flex wp-container-core-buttons-is-layout-a89b3969 wp-block-buttons-is-layout-flex\">\n<div class=\"wp-block-button\"><a class=\"wp-block-button__link wp-element-button\" href=\"https:\/\/mkgprestige.com\/contact\/\">Contact us<\/a><\/div>\n<\/div>\n<\/div>\n","protected":false},"excerpt":{"rendered":"<p>Find a rental At MK Gestion Prestige, we believe that good housing starts with good management. That&#8217;s why we offer a range of well-located, well-maintained units ready to welcome your everyday life. Whether you&#8217;re looking for the tranquility of a residential neighborhood or proximity to services, we have exactly what you need\u2014without compromise. We have [&hellip;]<\/p>\n","protected":false},"author":1,"featured_media":0,"parent":0,"menu_order":0,"comment_status":"closed","ping_status":"open","template":"","meta":{"_acf_changed":false,"inline_featured_image":false,"footnotes":""},"class_list":["post-28","page","type-page","status-publish","hentry"],"acf":[],"yoast_head":"<!-- This site is optimized with the Yoast SEO plugin v26.9 - https:\/\/yoast.com\/product\/yoast-seo-wordpress\/ -->\n<title>Find a rental | MK Gestion Prestige | Logements en Outaouais<\/title>\n<meta name=\"description\" content=\"C\u2019est pourquoi nous vous proposons un \u00e9ventail d\u2019unit\u00e9s bien situ\u00e9es, bien entretenues et pr\u00eates \u00e0 accueillir votre quotidien.\" \/>\n<meta name=\"robots\" content=\"index, follow, max-snippet:-1, max-image-preview:large, max-video-preview:-1\" \/>\n<link rel=\"canonical\" href=\"https:\/\/mkgprestige.com\/en\/find-a-rental\/\" \/>\n<meta property=\"og:locale\" content=\"en_US\" \/>\n<meta property=\"og:type\" content=\"article\" \/>\n<meta property=\"og:title\" content=\"Find a rental | MK Gestion Prestige | Logements en Outaouais\" \/>\n<meta property=\"og:description\" content=\"C\u2019est pourquoi nous vous proposons un \u00e9ventail d\u2019unit\u00e9s bien situ\u00e9es, bien entretenues et pr\u00eates \u00e0 accueillir votre quotidien.\" \/>\n<meta property=\"og:url\" content=\"https:\/\/mkgprestige.com\/en\/find-a-rental\/\" \/>\n<meta property=\"og:site_name\" content=\"mkprestige\" \/>\n<meta property=\"article:modified_time\" content=\"2026-04-01T21:53:11+00:00\" \/>\n<meta property=\"og:image\" content=\"https:\/\/mkgprestige.com\/wp-content\/uploads\/2025\/05\/MK_Image_3.jpg\" \/>\n<meta name=\"twitter:card\" content=\"summary_large_image\" \/>\n<meta name=\"twitter:label1\" content=\"Est. reading time\" \/>\n\t<meta name=\"twitter:data1\" content=\"1 minute\" \/>\n<script type=\"application\/ld+json\" class=\"yoast-schema-graph\">{\"@context\":\"https:\/\/schema.org\",\"@graph\":[{\"@type\":\"WebPage\",\"@id\":\"https:\/\/mkgprestige.com\/en\/find-a-rental\/\",\"url\":\"https:\/\/mkgprestige.com\/en\/find-a-rental\/\",\"name\":\"Find a rental | MK Gestion Prestige | Logements en Outaouais\",\"isPartOf\":{\"@id\":\"https:\/\/mkgprestige.com\/en\/#website\"},\"primaryImageOfPage\":{\"@id\":\"https:\/\/mkgprestige.com\/en\/find-a-rental\/#primaryimage\"},\"image\":{\"@id\":\"https:\/\/mkgprestige.com\/en\/find-a-rental\/#primaryimage\"},\"thumbnailUrl\":\"https:\/\/mkgprestige.com\/wp-content\/uploads\/2025\/05\/MK_Image_3.jpg\",\"datePublished\":\"2025-03-11T14:03:58+00:00\",\"dateModified\":\"2026-04-01T21:53:11+00:00\",\"description\":\"C\u2019est pourquoi nous vous proposons un \u00e9ventail d\u2019unit\u00e9s bien situ\u00e9es, bien entretenues et pr\u00eates \u00e0 accueillir votre quotidien.\",\"breadcrumb\":{\"@id\":\"https:\/\/mkgprestige.com\/en\/find-a-rental\/#breadcrumb\"},\"inLanguage\":\"en-US\",\"potentialAction\":[{\"@type\":\"ReadAction\",\"target\":[\"https:\/\/mkgprestige.com\/en\/find-a-rental\/\"]}]},{\"@type\":\"ImageObject\",\"inLanguage\":\"en-US\",\"@id\":\"https:\/\/mkgprestige.com\/en\/find-a-rental\/#primaryimage\",\"url\":\"https:\/\/mkgprestige.com\/wp-content\/uploads\/2025\/05\/MK_Image_3.jpg\",\"contentUrl\":\"https:\/\/mkgprestige.com\/wp-content\/uploads\/2025\/05\/MK_Image_3.jpg\"},{\"@type\":\"BreadcrumbList\",\"@id\":\"https:\/\/mkgprestige.com\/en\/find-a-rental\/#breadcrumb\",\"itemListElement\":[{\"@type\":\"ListItem\",\"position\":1,\"name\":\"Home\",\"item\":\"https:\/\/mkgprestige.com\/en\/\"},{\"@type\":\"ListItem\",\"position\":2,\"name\":\"Find a rental\"}]},{\"@type\":\"WebSite\",\"@id\":\"https:\/\/mkgprestige.com\/en\/#website\",\"url\":\"https:\/\/mkgprestige.com\/en\/\",\"name\":\"MK Gestion Prestige | Logements en Outaouais\",\"description\":\"\",\"publisher\":{\"@id\":\"https:\/\/mkgprestige.com\/en\/#organization\"},\"potentialAction\":[{\"@type\":\"SearchAction\",\"target\":{\"@type\":\"EntryPoint\",\"urlTemplate\":\"https:\/\/mkgprestige.com\/en\/?s={search_term_string}\"},\"query-input\":{\"@type\":\"PropertyValueSpecification\",\"valueRequired\":true,\"valueName\":\"search_term_string\"}}],\"inLanguage\":\"en-US\"},{\"@type\":\"Organization\",\"@id\":\"https:\/\/mkgprestige.com\/en\/#organization\",\"name\":\"mkprestige\",\"url\":\"https:\/\/mkgprestige.com\/en\/\",\"logo\":{\"@type\":\"ImageObject\",\"inLanguage\":\"en-US\",\"@id\":\"https:\/\/mkgprestige.com\/en\/#\/schema\/logo\/image\/\",\"url\":\"https:\/\/mkgprestige.com\/wp-content\/uploads\/2025\/03\/logo.svg\",\"contentUrl\":\"https:\/\/mkgprestige.com\/wp-content\/uploads\/2025\/03\/logo.svg\",\"width\":248,\"height\":89,\"caption\":\"mkprestige\"},\"image\":{\"@id\":\"https:\/\/mkgprestige.com\/en\/#\/schema\/logo\/image\/\"}}]}<\/script>\n<!-- \/ Yoast SEO plugin. -->","yoast_head_json":{"title":"Find a rental | MK Gestion Prestige | Logements en Outaouais","description":"C\u2019est pourquoi nous vous proposons un \u00e9ventail d\u2019unit\u00e9s bien situ\u00e9es, bien entretenues et pr\u00eates \u00e0 accueillir votre quotidien.","robots":{"index":"index","follow":"follow","max-snippet":"max-snippet:-1","max-image-preview":"max-image-preview:large","max-video-preview":"max-video-preview:-1"},"canonical":"https:\/\/mkgprestige.com\/en\/find-a-rental\/","og_locale":"en_US","og_type":"article","og_title":"Find a rental | MK Gestion Prestige | Logements en Outaouais","og_description":"C\u2019est pourquoi nous vous proposons un \u00e9ventail d\u2019unit\u00e9s bien situ\u00e9es, bien entretenues et pr\u00eates \u00e0 accueillir votre quotidien.","og_url":"https:\/\/mkgprestige.com\/en\/find-a-rental\/","og_site_name":"mkprestige","article_modified_time":"2026-04-01T21:53:11+00:00","og_image":[{"url":"https:\/\/mkgprestige.com\/wp-content\/uploads\/2025\/05\/MK_Image_3.jpg","type":"","width":"","height":""}],"twitter_card":"summary_large_image","twitter_misc":{"Est. reading time":"1 minute"},"schema":{"@context":"https:\/\/schema.org","@graph":[{"@type":"WebPage","@id":"https:\/\/mkgprestige.com\/en\/find-a-rental\/","url":"https:\/\/mkgprestige.com\/en\/find-a-rental\/","name":"Find a rental | MK Gestion Prestige | Logements en Outaouais","isPartOf":{"@id":"https:\/\/mkgprestige.com\/en\/#website"},"primaryImageOfPage":{"@id":"https:\/\/mkgprestige.com\/en\/find-a-rental\/#primaryimage"},"image":{"@id":"https:\/\/mkgprestige.com\/en\/find-a-rental\/#primaryimage"},"thumbnailUrl":"https:\/\/mkgprestige.com\/wp-content\/uploads\/2025\/05\/MK_Image_3.jpg","datePublished":"2025-03-11T14:03:58+00:00","dateModified":"2026-04-01T21:53:11+00:00","description":"C\u2019est pourquoi nous vous proposons un \u00e9ventail d\u2019unit\u00e9s bien situ\u00e9es, bien entretenues et pr\u00eates \u00e0 accueillir votre quotidien.","breadcrumb":{"@id":"https:\/\/mkgprestige.com\/en\/find-a-rental\/#breadcrumb"},"inLanguage":"en-US","potentialAction":[{"@type":"ReadAction","target":["https:\/\/mkgprestige.com\/en\/find-a-rental\/"]}]},{"@type":"ImageObject","inLanguage":"en-US","@id":"https:\/\/mkgprestige.com\/en\/find-a-rental\/#primaryimage","url":"https:\/\/mkgprestige.com\/wp-content\/uploads\/2025\/05\/MK_Image_3.jpg","contentUrl":"https:\/\/mkgprestige.com\/wp-content\/uploads\/2025\/05\/MK_Image_3.jpg"},{"@type":"BreadcrumbList","@id":"https:\/\/mkgprestige.com\/en\/find-a-rental\/#breadcrumb","itemListElement":[{"@type":"ListItem","position":1,"name":"Home","item":"https:\/\/mkgprestige.com\/en\/"},{"@type":"ListItem","position":2,"name":"Find a rental"}]},{"@type":"WebSite","@id":"https:\/\/mkgprestige.com\/en\/#website","url":"https:\/\/mkgprestige.com\/en\/","name":"MK Gestion Prestige | Logements en Outaouais","description":"","publisher":{"@id":"https:\/\/mkgprestige.com\/en\/#organization"},"potentialAction":[{"@type":"SearchAction","target":{"@type":"EntryPoint","urlTemplate":"https:\/\/mkgprestige.com\/en\/?s={search_term_string}"},"query-input":{"@type":"PropertyValueSpecification","valueRequired":true,"valueName":"search_term_string"}}],"inLanguage":"en-US"},{"@type":"Organization","@id":"https:\/\/mkgprestige.com\/en\/#organization","name":"mkprestige","url":"https:\/\/mkgprestige.com\/en\/","logo":{"@type":"ImageObject","inLanguage":"en-US","@id":"https:\/\/mkgprestige.com\/en\/#\/schema\/logo\/image\/","url":"https:\/\/mkgprestige.com\/wp-content\/uploads\/2025\/03\/logo.svg","contentUrl":"https:\/\/mkgprestige.com\/wp-content\/uploads\/2025\/03\/logo.svg","width":248,"height":89,"caption":"mkprestige"},"image":{"@id":"https:\/\/mkgprestige.com\/en\/#\/schema\/logo\/image\/"}}]}},"_links":{"self":[{"href":"https:\/\/mkgprestige.com\/en\/wp-json\/wp\/v2\/pages\/28","targetHints":{"allow":["GET"]}}],"collection":[{"href":"https:\/\/mkgprestige.com\/en\/wp-json\/wp\/v2\/pages"}],"about":[{"href":"https:\/\/mkgprestige.com\/en\/wp-json\/wp\/v2\/types\/page"}],"author":[{"embeddable":true,"href":"https:\/\/mkgprestige.com\/en\/wp-json\/wp\/v2\/users\/1"}],"replies":[{"embeddable":true,"href":"https:\/\/mkgprestige.com\/en\/wp-json\/wp\/v2\/comments?post=28"}],"version-history":[{"count":14,"href":"https:\/\/mkgprestige.com\/en\/wp-json\/wp\/v2\/pages\/28\/revisions"}],"predecessor-version":[{"id":1034,"href":"https:\/\/mkgprestige.com\/en\/wp-json\/wp\/v2\/pages\/28\/revisions\/1034"}],"wp:attachment":[{"href":"https:\/\/mkgprestige.com\/en\/wp-json\/wp\/v2\/media?parent=28"}],"curies":[{"name":"wp","href":"https:\/\/api.w.org\/{rel}","templated":true}]}}